{"id":158,"date":"2024-03-13T09:05:50","date_gmt":"2024-03-13T08:05:50","guid":{"rendered":"https:\/\/revuedestemps.com\/?page_id=158"},"modified":"2025-03-26T14:02:04","modified_gmt":"2025-03-26T13:02:04","slug":"qui-sommes-nous","status":"publish","type":"page","link":"https:\/\/revuedestemps.com\/index.php\/qui-sommes-nous\/","title":{"rendered":"Qui sommes-nous ?"},"content":{"rendered":"\n<div class=\"wp-block-group is-vertical is-content-justification-center is-layout-flex wp-container-core-group-is-layout-f0e127ae wp-block-group-is-layout-flex\" style=\"min-height:0px;padding-top:0;padding-right:0;padding-bottom:0;padding-left:0\">\n<div class=\"wp-block-media-text alignwide is-image-fill-element has-medium-font-size\" style=\"grid-template-columns:28% auto\"><figure class=\"wp-block-media-text__media\"><img loading=\"lazy\" decoding=\"async\" width=\"576\" height=\"1024\" src=\"https:\/\/revuedestemps.com\/wp-content\/uploads\/2024\/03\/WhatsApp-Image-2024-03-24-at-21.00.34_80992ad1-Edited-Edited-576x1024.jpg\" alt=\"\" class=\"wp-image-809 size-full\" style=\"object-position:42% 38%\" srcset=\"https:\/\/revuedestemps.com\/wp-content\/uploads\/2024\/03\/WhatsApp-Image-2024-03-24-at-21.00.34_80992ad1-Edited-Edited-576x1024.jpg 576w, https:\/\/revuedestemps.com\/wp-content\/uploads\/2024\/03\/WhatsApp-Image-2024-03-24-at-21.00.34_80992ad1-Edited-Edited-169x300.jpg 169w, https:\/\/revuedestemps.com\/wp-content\/uploads\/2024\/03\/WhatsApp-Image-2024-03-24-at-21.00.34_80992ad1-Edited-Edited.jpg 671w\" sizes=\"auto, (max-width: 576px) 100vw, 576px\" \/><\/figure><div class=\"wp-block-media-text__content\">\n<h4 class=\"wp-block-heading\">Fabrice Michel<\/h4>\n\n\n\n<p><em>Consultant pour l&rsquo;information en Ukraine et sa r\u00e9gion<\/em><\/p>\n\n\n\n<p>Volontaire et b\u00e9n\u00e9vole humanitaire \u00e0 Medyka (Pologne) du 15\/03\/2022 au 15\/06\/2022 puis \u00e0 Odesa (Ukraine) depuis&nbsp;le&nbsp;16\/06\/2022.<\/p>\n<\/div><\/div>\n\n\n\n<div class=\"wp-block-media-text alignwide is-image-fill-element has-medium-font-size\" style=\"grid-template-columns:28% auto\"><figure class=\"wp-block-media-text__media\"><img loading=\"lazy\" decoding=\"async\" width=\"576\" height=\"1024\" src=\"https:\/\/revuedestemps.com\/wp-content\/uploads\/2024\/03\/Kas-576x1024.jpg\" alt=\"\" class=\"wp-image-810 size-full\" style=\"object-position:49% 10%\" srcset=\"https:\/\/revuedestemps.com\/wp-content\/uploads\/2024\/03\/Kas-576x1024.jpg 576w, https:\/\/revuedestemps.com\/wp-content\/uploads\/2024\/03\/Kas-169x300.jpg 169w, https:\/\/revuedestemps.com\/wp-content\/uploads\/2024\/03\/Kas.jpg 738w\" sizes=\"auto, (max-width: 576px) 100vw, 576px\" \/><\/figure><div class=\"wp-block-media-text__content\">\n<h4 class=\"wp-block-heading\">Cassandro Cancellara<\/h4>\n\n\n\n<p><em>R\u00e9dacteur en chef &#8211; Urbanisme<\/em><\/p>\n\n\n\n<p>Dipl\u00f4m\u00e9 d\u2019un master en droit public g\u00e9n\u00e9ral, Cassandro est aujourd\u2019hui avocat en droit de l\u2019urbanisme et de la construction. Il est \u00e9galement enseignant \u00e0 l\u2019universit\u00e9 Toulouse Capitole 1 et transmet ses connaissances dans de nombreuses branches du droit. <\/p>\n<\/div><\/div>\n\n\n\n<div class=\"wp-block-media-text alignwide is-image-fill-element has-medium-font-size\" style=\"grid-template-columns:28% auto\"><figure class=\"wp-block-media-text__media\"><img loading=\"lazy\" decoding=\"async\" width=\"576\" height=\"1024\" src=\"https:\/\/revuedestemps.com\/wp-content\/uploads\/2024\/03\/Oksana-576x1024.jpg\" alt=\"\" class=\"wp-image-811 size-full\" style=\"object-position:52% 21%\" srcset=\"https:\/\/revuedestemps.com\/wp-content\/uploads\/2024\/03\/Oksana-576x1024.jpg 576w, https:\/\/revuedestemps.com\/wp-content\/uploads\/2024\/03\/Oksana-169x300.jpg 169w, https:\/\/revuedestemps.com\/wp-content\/uploads\/2024\/03\/Oksana-768x1365.jpg 768w, https:\/\/revuedestemps.com\/wp-content\/uploads\/2024\/03\/Oksana.jpg 864w\" sizes=\"auto, (max-width: 576px) 100vw, 576px\" \/><\/figure><div class=\"wp-block-media-text__content\">\n<h4 class=\"wp-block-heading\" style=\"margin-top:0;margin-bottom:0;padding-top:0;padding-bottom:0\">Oksana Chilikina<\/h4>\n\n\n\n<p><em>R\u00e9dactrice en chef &#8211; Art<\/em><\/p>\n\n\n\n<p>Chilikina Oksana est n\u00e9e en Ukraine \u00e0 Zaporijia. Elle a \u00e9tudi\u00e9 dans une \u00e9cole d\u2019art priv\u00e9e et a suivi des cours de peinture aupr\u00e8s de Lilia Berezhnenko et Anton Sheretov. Par la suite, elle cr\u00e9e son propre studio de cr\u00e9ation pour enfants et adultes. Elle a r\u00e9alis\u00e9 un grand nombre d\u2019expositions et divers projets cr\u00e9atifs, notamment des conf\u00e9rences sur l\u2019art.<\/p>\n\n\n\n<p>Elle a \u00e9galement travaill\u00e9 au d\u00e9partement de la culture de la ville&nbsp;de&nbsp;Zaporijia.<\/p>\n<\/div><\/div>\n\n\n\n<div class=\"wp-block-media-text alignwide is-image-fill-element has-medium-font-size\" style=\"grid-template-columns:28% auto\"><figure class=\"wp-block-media-text__media\"><img loading=\"lazy\" decoding=\"async\" width=\"389\" height=\"693\" src=\"https:\/\/revuedestemps.com\/wp-content\/uploads\/2024\/03\/WhatsApp-Image-2024-03-25-at-13.21.28_9c13a300-Edited.jpg\" alt=\"\" class=\"wp-image-849 size-full\" style=\"object-position:50% 50%\" srcset=\"https:\/\/revuedestemps.com\/wp-content\/uploads\/2024\/03\/WhatsApp-Image-2024-03-25-at-13.21.28_9c13a300-Edited.jpg 389w, https:\/\/revuedestemps.com\/wp-content\/uploads\/2024\/03\/WhatsApp-Image-2024-03-25-at-13.21.28_9c13a300-Edited-168x300.jpg 168w\" sizes=\"auto, (max-width: 389px) 100vw, 389px\" \/><\/figure><div class=\"wp-block-media-text__content\">\n<h4 class=\"wp-block-heading\">Gaspard Rambel <\/h4>\n\n\n\n<p><em>Fondateur &#8211; Directeur \u00e9ditorial \/ R\u00e9dacteur<\/em><\/p>\n\n\n\n<p>Gaspard est dipl\u00f4m\u00e9 en Droit Public, il est auteur de l&rsquo;essai \u00ab\u00a0Ukraine : Regards crois\u00e9s sur une nation en guerre\u00a0\u00bb co-\u00e9crit avec Gleb Dolianovskiy, ainsi que de nouvelles et de po\u00e8mes. Par le biais de cette revue il a la volont\u00e9 de faire vivre et de transmettre les mots d\u2019auteurs connus ou moins connus. Il d\u00e9fend \u00e9galement la souverainet\u00e9 du peuple ukrainien et soutien l&rsquo;Europe de la d\u00e9fense. Gaspard Rambel est un nom de plume, son nom civil est Alexandre Beltran. <\/p>\n<\/div><\/div>\n<\/div>\n","protected":false},"excerpt":{"rendered":"<p>Fabrice Michel Consultant pour l&rsquo;information en Ukraine et sa r\u00e9gion Volontaire et b\u00e9n\u00e9vole humanitaire \u00e0 Medyka (Pologne) du 15\/03\/2022 au 15\/06\/2022 puis \u00e0 Odesa (Ukraine) depuis&nbsp;le&nbsp;16\/06\/2022. Cassandro Cancellara R\u00e9dacteur en chef &#8211; Urbanisme Dipl\u00f4m\u00e9 d\u2019un master en droit public g\u00e9n\u00e9ral, Cassandro est aujourd\u2019hui avocat en droit de l\u2019urbanisme et de la construction. Il est \u00e9galement [&hellip;]<\/p>\n","protected":false},"author":1,"featured_media":0,"parent":0,"menu_order":0,"comment_status":"closed","ping_status":"closed","template":"","meta":{"footnotes":""},"class_list":["post-158","page","type-page","status-publish","hentry"],"yoast_head":"<!-- This site is optimized with the Yoast SEO plugin v26.1.1 - https:\/\/yoast.com\/wordpress\/plugins\/seo\/ -->\n<title>Qui sommes-nous ? - Revue des Temps<\/title>\n<meta name=\"robots\" content=\"index, follow, max-snippet:-1, max-image-preview:large, max-video-preview:-1\" \/>\n<link rel=\"canonical\" href=\"https:\/\/revuedestemps.com\/index.php\/qui-sommes-nous\/\" \/>\n<meta property=\"og:locale\" content=\"fr_FR\" \/>\n<meta property=\"og:type\" content=\"article\" \/>\n<meta property=\"og:title\" content=\"Qui sommes-nous ? - Revue des Temps\" \/>\n<meta property=\"og:description\" content=\"Fabrice Michel Consultant pour l&rsquo;information en Ukraine et sa r\u00e9gion Volontaire et b\u00e9n\u00e9vole humanitaire \u00e0 Medyka (Pologne) du 15\/03\/2022 au 15\/06\/2022 puis \u00e0 Odesa (Ukraine) depuis&nbsp;le&nbsp;16\/06\/2022. Cassandro Cancellara R\u00e9dacteur en chef &#8211; Urbanisme Dipl\u00f4m\u00e9 d\u2019un master en droit public g\u00e9n\u00e9ral, Cassandro est aujourd\u2019hui avocat en droit de l\u2019urbanisme et de la construction. Il est \u00e9galement [&hellip;]\" \/>\n<meta property=\"og:url\" content=\"https:\/\/revuedestemps.com\/index.php\/qui-sommes-nous\/\" \/>\n<meta property=\"og:site_name\" content=\"Revue des Temps\" \/>\n<meta property=\"article:modified_time\" content=\"2025-03-26T13:02:04+00:00\" \/>\n<meta property=\"og:image\" content=\"https:\/\/revuedestemps.com\/wp-content\/uploads\/2024\/03\/WhatsApp-Image-2024-03-24-at-21.00.34_80992ad1-Edited-Edited.jpg\" \/>\n\t<meta property=\"og:image:width\" content=\"671\" \/>\n\t<meta property=\"og:image:height\" content=\"1193\" \/>\n\t<meta property=\"og:image:type\" content=\"image\/jpeg\" \/>\n<meta name=\"twitter:card\" content=\"summary_large_image\" \/>\n<meta name=\"twitter:label1\" content=\"Dur\u00e9e de lecture estim\u00e9e\" \/>\n\t<meta name=\"twitter:data1\" content=\"1 minute\" \/>\n<script type=\"application\/ld+json\" class=\"yoast-schema-graph\">{\"@context\":\"https:\/\/schema.org\",\"@graph\":[{\"@type\":\"WebPage\",\"@id\":\"https:\/\/revuedestemps.com\/index.php\/qui-sommes-nous\/\",\"url\":\"https:\/\/revuedestemps.com\/index.php\/qui-sommes-nous\/\",\"name\":\"Qui sommes-nous ? - Revue des Temps\",\"isPartOf\":{\"@id\":\"https:\/\/revuedestemps.com\/#website\"},\"primaryImageOfPage\":{\"@id\":\"https:\/\/revuedestemps.com\/index.php\/qui-sommes-nous\/#primaryimage\"},\"image\":{\"@id\":\"https:\/\/revuedestemps.com\/index.php\/qui-sommes-nous\/#primaryimage\"},\"thumbnailUrl\":\"https:\/\/revuedestemps.com\/wp-content\/uploads\/2024\/03\/WhatsApp-Image-2024-03-24-at-21.00.34_80992ad1-Edited-Edited-576x1024.jpg\",\"datePublished\":\"2024-03-13T08:05:50+00:00\",\"dateModified\":\"2025-03-26T13:02:04+00:00\",\"breadcrumb\":{\"@id\":\"https:\/\/revuedestemps.com\/index.php\/qui-sommes-nous\/#breadcrumb\"},\"inLanguage\":\"fr-FR\",\"potentialAction\":[{\"@type\":\"ReadAction\",\"target\":[\"https:\/\/revuedestemps.com\/index.php\/qui-sommes-nous\/\"]}]},{\"@type\":\"ImageObject\",\"inLanguage\":\"fr-FR\",\"@id\":\"https:\/\/revuedestemps.com\/index.php\/qui-sommes-nous\/#primaryimage\",\"url\":\"https:\/\/revuedestemps.com\/wp-content\/uploads\/2024\/03\/WhatsApp-Image-2024-03-24-at-21.00.34_80992ad1-Edited-Edited.jpg\",\"contentUrl\":\"https:\/\/revuedestemps.com\/wp-content\/uploads\/2024\/03\/WhatsApp-Image-2024-03-24-at-21.00.34_80992ad1-Edited-Edited.jpg\",\"width\":671,\"height\":1193},{\"@type\":\"BreadcrumbList\",\"@id\":\"https:\/\/revuedestemps.com\/index.php\/qui-sommes-nous\/#breadcrumb\",\"itemListElement\":[{\"@type\":\"ListItem\",\"position\":1,\"name\":\"Accueil\",\"item\":\"https:\/\/revuedestemps.com\/\"},{\"@type\":\"ListItem\",\"position\":2,\"name\":\"Qui sommes-nous ?\"}]},{\"@type\":\"WebSite\",\"@id\":\"https:\/\/revuedestemps.com\/#website\",\"url\":\"https:\/\/revuedestemps.com\/\",\"name\":\"Revue des Temps\",\"description\":\"L&#039;actualit\u00e9 politique et culturelle sous tous les angles. Revue fond\u00e9e par Gaspard Rambel en novembre 2023.\",\"publisher\":{\"@id\":\"https:\/\/revuedestemps.com\/#organization\"},\"potentialAction\":[{\"@type\":\"SearchAction\",\"target\":{\"@type\":\"EntryPoint\",\"urlTemplate\":\"https:\/\/revuedestemps.com\/?s={search_term_string}\"},\"query-input\":{\"@type\":\"PropertyValueSpecification\",\"valueRequired\":true,\"valueName\":\"search_term_string\"}}],\"inLanguage\":\"fr-FR\"},{\"@type\":\"Organization\",\"@id\":\"https:\/\/revuedestemps.com\/#organization\",\"name\":\"Revue des Temps\",\"url\":\"https:\/\/revuedestemps.com\/\",\"logo\":{\"@type\":\"ImageObject\",\"inLanguage\":\"fr-FR\",\"@id\":\"https:\/\/revuedestemps.com\/#\/schema\/logo\/image\/\",\"url\":\"https:\/\/revuedestemps.com\/wp-content\/uploads\/2024\/03\/sticker-vintage-carte-map-monde-black-white-edited.jpg\",\"contentUrl\":\"https:\/\/revuedestemps.com\/wp-content\/uploads\/2024\/03\/sticker-vintage-carte-map-monde-black-white-edited.jpg\",\"width\":528,\"height\":528,\"caption\":\"Revue des Temps\"},\"image\":{\"@id\":\"https:\/\/revuedestemps.com\/#\/schema\/logo\/image\/\"}}]}<\/script>\n<!-- \/ Yoast SEO plugin. -->","yoast_head_json":{"title":"Qui sommes-nous ? - Revue des Temps","robots":{"index":"index","follow":"follow","max-snippet":"max-snippet:-1","max-image-preview":"max-image-preview:large","max-video-preview":"max-video-preview:-1"},"canonical":"https:\/\/revuedestemps.com\/index.php\/qui-sommes-nous\/","og_locale":"fr_FR","og_type":"article","og_title":"Qui sommes-nous ? - Revue des Temps","og_description":"Fabrice Michel Consultant pour l&rsquo;information en Ukraine et sa r\u00e9gion Volontaire et b\u00e9n\u00e9vole humanitaire \u00e0 Medyka (Pologne) du 15\/03\/2022 au 15\/06\/2022 puis \u00e0 Odesa (Ukraine) depuis&nbsp;le&nbsp;16\/06\/2022. Cassandro Cancellara R\u00e9dacteur en chef &#8211; Urbanisme Dipl\u00f4m\u00e9 d\u2019un master en droit public g\u00e9n\u00e9ral, Cassandro est aujourd\u2019hui avocat en droit de l\u2019urbanisme et de la construction. Il est \u00e9galement [&hellip;]","og_url":"https:\/\/revuedestemps.com\/index.php\/qui-sommes-nous\/","og_site_name":"Revue des Temps","article_modified_time":"2025-03-26T13:02:04+00:00","og_image":[{"width":671,"height":1193,"url":"https:\/\/revuedestemps.com\/wp-content\/uploads\/2024\/03\/WhatsApp-Image-2024-03-24-at-21.00.34_80992ad1-Edited-Edited.jpg","type":"image\/jpeg"}],"twitter_card":"summary_large_image","twitter_misc":{"Dur\u00e9e de lecture estim\u00e9e":"1 minute"},"schema":{"@context":"https:\/\/schema.org","@graph":[{"@type":"WebPage","@id":"https:\/\/revuedestemps.com\/index.php\/qui-sommes-nous\/","url":"https:\/\/revuedestemps.com\/index.php\/qui-sommes-nous\/","name":"Qui sommes-nous ? - Revue des Temps","isPartOf":{"@id":"https:\/\/revuedestemps.com\/#website"},"primaryImageOfPage":{"@id":"https:\/\/revuedestemps.com\/index.php\/qui-sommes-nous\/#primaryimage"},"image":{"@id":"https:\/\/revuedestemps.com\/index.php\/qui-sommes-nous\/#primaryimage"},"thumbnailUrl":"https:\/\/revuedestemps.com\/wp-content\/uploads\/2024\/03\/WhatsApp-Image-2024-03-24-at-21.00.34_80992ad1-Edited-Edited-576x1024.jpg","datePublished":"2024-03-13T08:05:50+00:00","dateModified":"2025-03-26T13:02:04+00:00","breadcrumb":{"@id":"https:\/\/revuedestemps.com\/index.php\/qui-sommes-nous\/#breadcrumb"},"inLanguage":"fr-FR","potentialAction":[{"@type":"ReadAction","target":["https:\/\/revuedestemps.com\/index.php\/qui-sommes-nous\/"]}]},{"@type":"ImageObject","inLanguage":"fr-FR","@id":"https:\/\/revuedestemps.com\/index.php\/qui-sommes-nous\/#primaryimage","url":"https:\/\/revuedestemps.com\/wp-content\/uploads\/2024\/03\/WhatsApp-Image-2024-03-24-at-21.00.34_80992ad1-Edited-Edited.jpg","contentUrl":"https:\/\/revuedestemps.com\/wp-content\/uploads\/2024\/03\/WhatsApp-Image-2024-03-24-at-21.00.34_80992ad1-Edited-Edited.jpg","width":671,"height":1193},{"@type":"BreadcrumbList","@id":"https:\/\/revuedestemps.com\/index.php\/qui-sommes-nous\/#breadcrumb","itemListElement":[{"@type":"ListItem","position":1,"name":"Accueil","item":"https:\/\/revuedestemps.com\/"},{"@type":"ListItem","position":2,"name":"Qui sommes-nous ?"}]},{"@type":"WebSite","@id":"https:\/\/revuedestemps.com\/#website","url":"https:\/\/revuedestemps.com\/","name":"Revue des Temps","description":"L&#039;actualit\u00e9 politique et culturelle sous tous les angles. Revue fond\u00e9e par Gaspard Rambel en novembre 2023.","publisher":{"@id":"https:\/\/revuedestemps.com\/#organization"},"potentialAction":[{"@type":"SearchAction","target":{"@type":"EntryPoint","urlTemplate":"https:\/\/revuedestemps.com\/?s={search_term_string}"},"query-input":{"@type":"PropertyValueSpecification","valueRequired":true,"valueName":"search_term_string"}}],"inLanguage":"fr-FR"},{"@type":"Organization","@id":"https:\/\/revuedestemps.com\/#organization","name":"Revue des Temps","url":"https:\/\/revuedestemps.com\/","logo":{"@type":"ImageObject","inLanguage":"fr-FR","@id":"https:\/\/revuedestemps.com\/#\/schema\/logo\/image\/","url":"https:\/\/revuedestemps.com\/wp-content\/uploads\/2024\/03\/sticker-vintage-carte-map-monde-black-white-edited.jpg","contentUrl":"https:\/\/revuedestemps.com\/wp-content\/uploads\/2024\/03\/sticker-vintage-carte-map-monde-black-white-edited.jpg","width":528,"height":528,"caption":"Revue des Temps"},"image":{"@id":"https:\/\/revuedestemps.com\/#\/schema\/logo\/image\/"}}]}},"_links":{"self":[{"href":"https:\/\/revuedestemps.com\/index.php\/wp-json\/wp\/v2\/pages\/158","targetHints":{"allow":["GET"]}}],"collection":[{"href":"https:\/\/revuedestemps.com\/index.php\/wp-json\/wp\/v2\/pages"}],"about":[{"href":"https:\/\/revuedestemps.com\/index.php\/wp-json\/wp\/v2\/types\/page"}],"author":[{"embeddable":true,"href":"https:\/\/revuedestemps.com\/index.php\/wp-json\/wp\/v2\/users\/1"}],"replies":[{"embeddable":true,"href":"https:\/\/revuedestemps.com\/index.php\/wp-json\/wp\/v2\/comments?post=158"}],"version-history":[{"count":36,"href":"https:\/\/revuedestemps.com\/index.php\/wp-json\/wp\/v2\/pages\/158\/revisions"}],"predecessor-version":[{"id":3117,"href":"https:\/\/revuedestemps.com\/index.php\/wp-json\/wp\/v2\/pages\/158\/revisions\/3117"}],"wp:attachment":[{"href":"https:\/\/revuedestemps.com\/index.php\/wp-json\/wp\/v2\/media?parent=158"}],"curies":[{"name":"wp","href":"https:\/\/api.w.org\/{rel}","templated":true}]}}